{"id":2,"date":"2023-10-11T04:51:51","date_gmt":"2023-10-11T04:51:51","guid":{"rendered":"http:\/\/tilekeo.me\/?page_id=2"},"modified":"2023-12-08T04:55:24","modified_gmt":"2023-12-08T04:55:24","slug":"sample-page","status":"publish","type":"page","link":"https:\/\/tilekeo.me\/","title":{"rendered":"Tilekeo &#8211; T\u1ec9 l\u1ec7 k\u00e8o b\u00f3ng \u0111\u00e1 &#8211; Keonhacai H\u00f4m nay\u00a0"},"content":{"rendered":"<h1 style=\"text-align: center;\"><strong>Tilekeo &#8211; T\u1ec9 l\u1ec7 k\u00e8o b\u00f3ng \u0111\u00e1 &#8211; Keonhacai H\u00f4m nay\u00a0<\/strong><\/h1>\n<p><script src='https:\/\/cdn.jsdelivr.net\/npm\/jquery@3.6.1\/dist\/jquery.min.js'><\/script><script>jQuery(document).ready(function(){function e(e){if('https:\/\/trangkeo.com'!==e.origin)return;let t=e.data,i=document.getElementById('tyle-iframe');'function'==typeof window[t.func]&&'tyle_resize_iframes'===t.func&&window[t.func].call(i,t.args)}window.tyle_resize_iframes=function(e){if(!Number.isFinite(e))return;let t=jQuery(document).scrollTop();this.style.height='auto',this.style.height=e+'px',jQuery('html, body').animate({scrollTop:t},0)},window.addEventListener?window.addEventListener('message',e,!1):window.attachEvent&&window.attachEvent('onmessage',e,!1)});<\/script><iframe id=\"tyle-iframe\" style=\"border: 0 none;\" src=\"https:\/\/trangkeo.com\/keo\/\" width=\"100%\" frameborder=\"0\"><\/iframe><\/p>\n","protected":false},"excerpt":{"rendered":"<p>Tilekeo &#8211; T\u1ec9 l\u1ec7 k\u00e8o b\u00f3ng \u0111\u00e1 &#8211; Keonhacai H\u00f4m nay\u00a0<\/p>\n","protected":false},"author":1,"featured_media":20,"parent":0,"menu_order":0,"comment_status":"closed","ping_status":"open","template":"","meta":{"footnotes":""},"class_list":["post-2","page","type-page","status-publish","has-post-thumbnail","hentry"],"_links":{"self":[{"href":"https:\/\/tilekeo.me\/index.php\/wp-json\/wp\/v2\/pages\/2","targetHints":{"allow":["GET"]}}],"collection":[{"href":"https:\/\/tilekeo.me\/index.php\/wp-json\/wp\/v2\/pages"}],"about":[{"href":"https:\/\/tilekeo.me\/index.php\/wp-json\/wp\/v2\/types\/page"}],"author":[{"embeddable":true,"href":"https:\/\/tilekeo.me\/index.php\/wp-json\/wp\/v2\/users\/1"}],"replies":[{"embeddable":true,"href":"https:\/\/tilekeo.me\/index.php\/wp-json\/wp\/v2\/comments?post=2"}],"version-history":[{"count":6,"href":"https:\/\/tilekeo.me\/index.php\/wp-json\/wp\/v2\/pages\/2\/revisions"}],"predecessor-version":[{"id":36,"href":"https:\/\/tilekeo.me\/index.php\/wp-json\/wp\/v2\/pages\/2\/revisions\/36"}],"wp:featuredmedia":[{"embeddable":true,"href":"https:\/\/tilekeo.me\/index.php\/wp-json\/wp\/v2\/media\/20"}],"wp:attachment":[{"href":"https:\/\/tilekeo.me\/index.php\/wp-json\/wp\/v2\/media?parent=2"}],"curies":[{"name":"wp","href":"https:\/\/api.w.org\/{rel}","templated":true}]}}